{"id":815,"date":"2016-09-27T14:32:10","date_gmt":"2016-09-27T12:32:10","guid":{"rendered":"http:\/\/www.snepfsu-versailles.net\/wp\/?page_id=815"},"modified":"2017-09-07T18:43:43","modified_gmt":"2017-09-07T16:43:43","slug":"infos-stagiaires","status":"publish","type":"page","link":"https:\/\/www.snepfsu-versailles.net\/wp\/corpo\/stagiaires\/infos-stagiaires\/","title":{"rendered":"Frais de d\u00e9placements"},"content":{"rendered":"<p>Pour des raisons pratiques le minist\u00e8re souhaitait globaliser et attribuer la m\u00eame indemnit\u00e9 forfaitaire \u00e0 tous. Le Snep s\u2019est oppos\u00e9 \u00e0 cette proposition car cette indemnit\u00e9 \u00e9tait d\u00e9savantageuse pour certains dont les frais de d\u00e9placements seraient plus \u00e9lev\u00e9s que cette indemnit\u00e9.<\/p>\n<p>Nous avons apr\u00e8s plusieurs interventions r\u00e9ussi \u00e0 obtenir que le d\u00e9cret de 2006 plus favorable aux stagiaires ayant de longs d\u00e9placements soit appliqu\u00e9.<\/p>\n<p>Le <a href=\"http:\/\/www.legifrance.gouv.fr\/affichTexte.do?cidTexte=JORFTEXT000029434791&amp;categorieLien=id\"><strong>D\u00e9cret n\u00b02014-1021<\/strong><\/a> concernant l\u2019indemnit\u00e9 de d\u00e9placement\u00a0 donne droit \u00e0 1000 euros sous condition. Cette indemnit\u00e9 sera vers\u00e9e mensuellement en m\u00eame temps que le salaire.<\/p>\n<p><strong>Tu peux en b\u00e9n\u00e9ficier\u00a0:<\/strong><\/p>\n<ul>\n<li>si la commune de ton \u00e9tablissement et\/ou de ta r\u00e9sidence familiale est diff\u00e9rente (non limitrophe) de la commune de l\u2019ESPE et non desservie par les transports.<\/li>\n<li>Si tu es \u00e9loign\u00e9 de l\u2019ESPE, nous te conseillons de calculer en amont quelle serait la formule la plus avantageuse et de demander \u00e0 b\u00e9n\u00e9ficier plut\u00f4t de l\u2019indemnit\u00e9 kilom\u00e9trique. <strong>Attention<\/strong> celle-ci est exclusive, et tu ne pourras pas alors pr\u00e9tendre \u00e0 l\u2019indemnit\u00e9 pr\u00e9vue par le d\u00e9cret de 2006.<\/li>\n<\/ul>\n","protected":false},"excerpt":{"rendered":"<p>Pour des raisons pratiques le minist\u00e8re souhaitait globaliser et attribuer la m\u00eame indemnit\u00e9 forfaitaire \u00e0 tous. Le Snep s\u2019est oppos\u00e9<\/p>\n","protected":false},"author":1,"featured_media":0,"parent":374,"menu_order":0,"comment_status":"closed","ping_status":"closed","template":"","meta":{"colormag_page_layout":"no_sidebar_content_centered","footnotes":""},"class_list":["post-815","page","type-page","status-publish","hentry"],"_links":{"self":[{"href":"https:\/\/www.snepfsu-versailles.net\/wp\/wp-json\/wp\/v2\/pages\/815","targetHints":{"allow":["GET"]}}],"collection":[{"href":"https:\/\/www.snepfsu-versailles.net\/wp\/wp-json\/wp\/v2\/pages"}],"about":[{"href":"https:\/\/www.snepfsu-versailles.net\/wp\/wp-json\/wp\/v2\/types\/page"}],"author":[{"embeddable":true,"href":"https:\/\/www.snepfsu-versailles.net\/wp\/wp-json\/wp\/v2\/users\/1"}],"replies":[{"embeddable":true,"href":"https:\/\/www.snepfsu-versailles.net\/wp\/wp-json\/wp\/v2\/comments?post=815"}],"version-history":[{"count":0,"href":"https:\/\/www.snepfsu-versailles.net\/wp\/wp-json\/wp\/v2\/pages\/815\/revisions"}],"up":[{"embeddable":true,"href":"https:\/\/www.snepfsu-versailles.net\/wp\/wp-json\/wp\/v2\/pages\/374"}],"wp:attachment":[{"href":"https:\/\/www.snepfsu-versailles.net\/wp\/wp-json\/wp\/v2\/media?parent=815"}],"curies":[{"name":"wp","href":"https:\/\/api.w.org\/{rel}","templated":true}]}}