{"id":630,"date":"2016-09-26T14:16:57","date_gmt":"2016-09-26T12:16:57","guid":{"rendered":"http:\/\/www.snepfsu-versailles.net\/wp\/?page_id=630"},"modified":"2016-09-26T14:16:57","modified_gmt":"2016-09-26T12:16:57","slug":"intervention-du-snep-fsu-91-lycee-prevert-longjumeau-le-25-juin-2014","status":"publish","type":"page","link":"https:\/\/www.snepfsu-versailles.net\/wp\/vie-syndicale\/le-coin-des-departements\/lessonne\/sport-scolaire-91\/intervention-du-snep-fsu-91-lycee-prevert-longjumeau-le-25-juin-2014\/","title":{"rendered":"Intervention du SNEP-FSU 91 &#8211; Lyc\u00e9e Pr\u00e9vert Longjumeau le 25 juin 2014"},"content":{"rendered":"<p style=\"text-align: justify;\">Cher-e-s coll\u00e8gues,<\/p>\n<p style=\"text-align: justify;\">Pour les AS, les districts et l\u2019UNSS, chaque fin d\u2019ann\u00e9e scolaire permet de faire le bilan de l\u2019activit\u00e9 d\u00e9ploy\u00e9e, de souligner les r\u00e9ussites en mettant en \u00e9vidence tout ce qui les a rendues possibles, de rep\u00e9rer les difficult\u00e9s voire les obstacles au bon fonctionnement de nos activit\u00e9s en mesurant\u00a0les \u00e9volutions n\u00e9cessaires\u00a0pour atteindre les objectifs de nos projets.<\/p>\n<p style=\"text-align: justify;\">Dans ces moments d\u2019\u00e9changes et de r\u00e9flexions, de propositions et de d\u00e9cisions, le SNEP-FSU 91 souhaite, en tant que syndicat repr\u00e9sentatif des enseignants d\u2019EPS et membre es-qualit\u00e9 de toutes les instances officielles de l\u2019UNSS, vous faire partager les \u00e9v\u00e8nements majeurs qui viennent de marquer l\u2019histoire de cette exceptionnalit\u00e9 fran\u00e7aise qu\u2019est le sport scolaire du second degr\u00e9\u00a0!<\/p>\n<p style=\"text-align: justify;\">En effet, quel mois de mai 2014 pour le sport scolaire\u00a0!<\/p>\n<p style=\"text-align: justify;\">&#8211;\u00a0un d\u00e9cret pass\u00e9 en Conseil d\u2019Etat et une note de service qui consacrent et p\u00e9rennisent le sport scolaire du second degr\u00e9 comme partie int\u00e9grante des missions de l\u2019Etat et du service public d\u2019\u00e9ducation avec le r\u00e9tablissement r\u00e9glementaire du forfait de 3h dans le service hebdomadaire de tous les enseignants d\u2019EPS, la reconnaissance statutaire de la coordination de district et le retour rendu possible des cadres de l\u2019UNSS \u00e0 l\u2019Education Nationale.<\/p>\n<p style=\"text-align: justify;\">&#8211;\u00a0une subvention de fonctionnement allou\u00e9e par le Minist\u00e8re de l\u2019Education Nationale \u00e0 l\u2019UNSS augment\u00e9e de 1,2 million d\u2019euros (soit + 80% par rapport \u00e0 l\u2019an pass\u00e9) et le maintien \u00e0 la rentr\u00e9e prochaine du prix de la licence UNSS au niveau de l\u2019an pass\u00e9, alors qu\u2019une augmentation de 2,5% pour 2014 \u00e9tait d\u00e9j\u00e0 pr\u00e9vu \u2026<\/p>\n<p style=\"text-align: justify;\">Ce sont l\u00e0 les r\u00e9sultats d\u2019actions multiples de la profession et d\u2019interventions incessantes que le SNEP-FSU, seul en tant qu\u2019organisation syndicale, est fier d\u2019avoir initi\u00e9es et men\u00e9es sans rel\u00e2che ni renoncement\u00a0!<\/p>\n<p style=\"text-align: justify;\">Ce sont l\u00e0 des avanc\u00e9es historiques sans pr\u00e9c\u00e9dent\u00a0pour ce sport scolaire que nous animons sans compter, sur tous les terrains du d\u00e9partement.<\/p>\n<p style=\"text-align: justify;\">Ce sont l\u00e0 des engagements politiques forts qui doivent nous conforter et nous donner encore plus de motivation pour r\u00e9pondre favorablement aux missions que ce service public nous confie\u00a0\u00e0 chaque rentr\u00e9e scolaire\u00a0!<\/p>\n<p style=\"text-align: justify;\">Chaque enseignant, chaque \u00e9quipe EPS doit savoir que la mise en \u0153uvre du d\u00e9cret passe n\u00e9anmoins par des mesures qui demandent \u00e0 \u00eatre confirm\u00e9es\u00a0:<\/p>\n<p style=\"text-align: justify;\">&#8211;\u00a0la loi reconna\u00eet le droit \u00e0 tous les \u00e9l\u00e8ves du second degr\u00e9 de pouvoir pratiquer volontairement des activit\u00e9s physiques, sportives et artistiques dans le cadre des Associations Sportives scolaires et de l\u2019UNSS\u00a0: ce droit doit \u00eatre respect\u00e9 dans tous les \u00e9tablissements du second degr\u00e9 et particuli\u00e8rement dans les Lyc\u00e9es et les Lyc\u00e9es Professionnels. Cela commence n\u00e9cessairement par la lib\u00e9ration, dans les emplois du temps des \u00e9l\u00e8ves, du mercredi apr\u00e8s-midi et de cr\u00e9neaux horaires suffisants \u00e0 l\u2019interclasse de midi et\/ou en fin d\u2019apr\u00e8s midi et par le maintien, dans chaque \u00e9tablissement, de tous les forfaits disponibles afin de permettre aux enseignants d\u2019EPS qui y sont affect\u00e9s (y compris les TZR et contractuels EPS affect\u00e9s \u00e0 l\u2019ann\u00e9e) de contribuer au fonctionnement et au dynamisme de l\u2019AS. Il faut que cesse l\u2019hypocrisie qui consiste, d\u2019un c\u00f4t\u00e9, \u00e0 \u00e9voquer l\u2019int\u00e9r\u00eat des \u00e9l\u00e8ves, en faisant mine de se soucier de leur bien-\u00eatre et de leur sant\u00e9 et de l\u2019autre, \u00e0 interdire toute activit\u00e9 volontaire, organis\u00e9e ou autog\u00e9r\u00e9e, en imposant des journ\u00e9es sans temps libre de cours.<\/p>\n<p style=\"text-align: justify;\">&#8211;\u00a0L\u2019indemnisation de la fonction de coordonnateur de district UNSS (ou la d\u00e9charge de service aff\u00e9rente) doit, partout, \u00eatre maintenue et am\u00e9lior\u00e9e au regard du r\u00f4le reconnu de ces coll\u00e8gues, v\u00e9ritables pierres angulaires du sport scolaire du second degr\u00e9. Les n\u00e9gociations sur le dossier \u00ab\u00a0m\u00e9tier\u00a0\u00bb doivent concr\u00e9tiser cette revendication que le SNEP-FSU porte et continuera de porter. La possibilit\u00e9 ouverte par le d\u00e9cret (contre l\u2019avis du SNEP-FSU) d\u2019utilisation du forfait pour animer le district en cas de volume d\u2019activit\u00e9 insuffisante de l\u2019AS d\u2019un coll\u00e8gue, doit rester exceptionnelle. Pour le SNEP-FSU et comme l\u2019indique la circulaire du 28 mai 2014, les coordonnatrices et coordonnateurs de district UNSS doivent \u00eatre choisi-e-s par et parmi les enseignants d\u2019EPS animatrices et animateurs des AS de leur district.<\/p>\n<p style=\"text-align: justify;\">&#8211;\u00a0A la rentr\u00e9e de septembre 2014, nos coll\u00e8gues directrices, directeurs et adjoints des services d\u00e9partementaux et r\u00e9gionaux de l\u2019UNSS sont r\u00e9int\u00e9gr\u00e9s \u00e0 l\u2019Education Nationale. Le SNEP-FSU continue de demander avec force qu\u2019il en soit ainsi pour tous les cadres de l\u2019UNSS. A ce jour, le Minist\u00e8re maintient les directeurs des services r\u00e9gionaux et les directeurs nationaux adjoints en position de d\u00e9tachement \u00e0 l\u2019UNSS au motif d\u2019un obstacle de nature juridique, argument contest\u00e9 par l\u2019expert du SNEP-FSU, tout en indiquant travailler \u00e0 trouver une solution l\u00e9gislative. Par ailleurs, le SNEP-FSU multiplie les interventions pour que soit confort\u00e9 le r\u00f4le de directrice, de directeur ou adjoint-e des services d\u00e9partementaux et r\u00e9gionaux de l\u2019UNSS, avec une r\u00e9mun\u00e9ration \u00e0 la hauteur des responsabilit\u00e9s et des charges qu\u2019ils assument.<\/p>\n<p style=\"text-align: justify;\">Certaines informations qui parviennent au SNEP-FSU montrent que les forces qui remettaient en cause le sport scolaire et qui se sont activ\u00e9es pour s\u2019opposer \u00e0 la parution du d\u00e9cret sont toujours \u00e0 l\u2019\u0153uvre. Ici, des chefs d\u2019\u00e9tablissement ou telle circulaire rectorale invitent des \u00e9quipes EPS \u00e0 d\u00e9cider \u2013 s\u00e9ance tenante &#8211; d\u2019abandonner un forfait. L\u00e0, les rumeurs &#8211; distill\u00e9es \u00e0 l\u2019envie et en interne &#8211; laissent entendre aux cadres de l\u2019UNSS qu\u2019ils vont tout perdre avec leur retour \u00e0 l\u2019Education Nationale.<\/p>\n<p style=\"text-align: justify;\">Fid\u00e8les \u00e0 ses engagements et \u00e0 sa conception de l\u2019action syndicale, le SNEP-FSU appelle la profession \u00e0 la plus grande vigilance pour que l\u2019on ne nous vole pas, qu\u2019on ne d\u00e9nature pas ce que, par nos luttes collectives, nous avons ensemble obtenu&#8230; Nous invitons toutes les \u00e9quipes EPS \u00e0 prendre connaissance du d\u00e9cret\u00a0et de sa circulaire d\u2019application. Par exemple, la circulaire insiste bien sur le caract\u00e8re exceptionnel, soumis au volontariat, pour qu\u2019un coll\u00e8gue assure l\u2019animation de l\u2019AS d\u2019un autre \u00e9tablissement \u00ab\u00a0dans l\u2019hypoth\u00e8se o\u00f9\u00a0le volume d\u2019activit\u00e9 de l\u2019AS de son \u00e9tablissement est insuffisant pour l\u2019accueillir\u00a0\u00bb avec d\u00e9cision prise par le Recteur\u00a0:<\/p>\n<p style=\"text-align: justify;\">Plus question de transformer des forfaits AS en heures d\u2019enseignement d\u2019EPS\u00a0!<\/p>\n<p style=\"text-align: justify;\">C\u2019est dans ce contexte que nous vous proposons de signer et\u00a0faire signer massivement\u00a0l\u2019adresse au Ministre de l\u2019Education Nationale et Pr\u00e9sident de l\u2019UNSS qui reprend les demandes importantes que nous avons rappel\u00e9es pr\u00e9c\u00e9demment. Pour information, cette p\u00e9tition pourra \u00e9galement \u00eatre sign\u00e9e en ligne sur le site du SNEP-FSU.<\/p>\n<p style=\"text-align: justify;\">Concernant les aspects financiers, les d\u00e9cisions act\u00e9es dans le budget 2014 de l\u2019UNSS constituent aussi des engagements forts. Le SNEP-FSU a \u00e9galement obtenu que les effectifs des \u00e9l\u00e8ves scolaris\u00e9s en SEGPA et ULIS ne soient plus comptabilis\u00e9s pour calculer le contrat tout en permettant aux \u00e9l\u00e8ves concern\u00e9s d\u2019\u00eatre toujours licenci\u00e9s \u00e0 l\u2019UNSS.<\/p>\n<p style=\"text-align: justify;\">Le SNEP-FSU a port\u00e9 deux autres revendications lors de la derni\u00e8re AG de l\u2019UNSS\u00a0:<\/p>\n<p style=\"text-align: justify;\">&#8211;\u00a0permettre aux AS d\u2019acheter les licences \u00e0 l\u2019unit\u00e9, avec la possibilit\u00e9 de passer au contrat en fonction de l\u2019\u00e9volution du nombre de licenci\u00e9s. Le v\u0153u pr\u00e9sent\u00e9 par le SNEP-FSU avec le soutien des \u00e9lu-e-s des AS a obtenu 24 voix POUR et 26 voix CONTRE.<\/p>\n<p style=\"text-align: justify;\">&#8211;\u00a0Abaissement de 18 \u00e0 16 du crit\u00e8re appliqu\u00e9 aux Lyc\u00e9es Professionnels pour calculer le contrat. Le Pr\u00e9sident de l\u2019AG, repr\u00e9sentant du Ministre de l\u2019EN, a indiqu\u00e9 que le Ministre \u00e9tait sensible \u00e0 cette proposition et qu\u2019il ferait prochainement une annonce \u00e0 ce sujet.<\/p>\n<p style=\"text-align: justify;\">Le SNEP-FSU continuera d\u2019agir pour que les AS ne soient plus en difficult\u00e9 sur le plan financier et pour que l\u2019augmentation de la subvention minist\u00e9rielle de fonctionnement vers\u00e9e par le MEN \u00e0 l\u2019UNSS b\u00e9n\u00e9ficie avant tout au chapitre \u00ab\u00a0cr\u00e9dits d\u2019animation sportive et comp\u00e9titions d\u00e9partementales et acad\u00e9miques\u00a0\u00bb.<\/p>\n<p style=\"text-align: justify;\">Avec le nouveau cadre r\u00e9glementaire, avec les mesures budg\u00e9taires adopt\u00e9es, le sport scolaire dispose d\u2019atouts nouveaux et de points d\u2019appui pour son fonctionnement et son rayonnement. Le SNEP-FSU vous invite \u00e0 leur \u00ab\u00a0faire la f\u00eate\u00a0\u00bb en les faisant vivre dans chaque AS, dans chaque district et dans toute l\u2019UNSS \u2026 tout en restant tr\u00e8s vigilants\u00a0!<\/p>\n<p style=\"text-align: justify;\">Compte tenu de l\u2019importance et de l\u2019actualit\u00e9 des dossiers \u00ab\u00a0sport scolaire\u00a0\u00bb et \u00ab\u00a0m\u00e9tier\u00a0\u00bb, le SNEP-FSU a r\u00e9alis\u00e9 un bulletin sp\u00e9cial qui a \u00e9t\u00e9 adress\u00e9 \u00e0 toute la profession. Tous les enseignants d\u2019EPS disposent ainsi des \u00e9l\u00e9ments d\u2019informations et d\u2019analyses qui leur permettent \u00e0 la fois, de se forger leurs propres points de vue en confortant la capacit\u00e9 de notre profession \u00e0 faire vivre son engagement dans le sport scolaire.<\/p>\n<p style=\"text-align: justify;\">Bon travail autour des th\u00e8mes de r\u00e9flexion propos\u00e9s, Bonne journ\u00e9e d\u2019\u00e9changes sur nos pratiques en Essonne et enfin avec un peu d\u2019avance, bonnes vacances \u00e0 toutes et tous\u00a0!<\/p>\n","protected":false},"excerpt":{"rendered":"<p>Cher-e-s coll\u00e8gues, Pour les AS, les districts et l\u2019UNSS, chaque fin d\u2019ann\u00e9e scolaire permet de faire le bilan de l\u2019activit\u00e9<\/p>\n","protected":false},"author":1,"featured_media":0,"parent":625,"menu_order":0,"comment_status":"closed","ping_status":"closed","template":"","meta":{"colormag_page_layout":"no_sidebar_content_centered","footnotes":""},"class_list":["post-630","page","type-page","status-publish","hentry"],"_links":{"self":[{"href":"https:\/\/www.snepfsu-versailles.net\/wp\/wp-json\/wp\/v2\/pages\/630","targetHints":{"allow":["GET"]}}],"collection":[{"href":"https:\/\/www.snepfsu-versailles.net\/wp\/wp-json\/wp\/v2\/pages"}],"about":[{"href":"https:\/\/www.snepfsu-versailles.net\/wp\/wp-json\/wp\/v2\/types\/page"}],"author":[{"embeddable":true,"href":"https:\/\/www.snepfsu-versailles.net\/wp\/wp-json\/wp\/v2\/users\/1"}],"replies":[{"embeddable":true,"href":"https:\/\/www.snepfsu-versailles.net\/wp\/wp-json\/wp\/v2\/comments?post=630"}],"version-history":[{"count":0,"href":"https:\/\/www.snepfsu-versailles.net\/wp\/wp-json\/wp\/v2\/pages\/630\/revisions"}],"up":[{"embeddable":true,"href":"https:\/\/www.snepfsu-versailles.net\/wp\/wp-json\/wp\/v2\/pages\/625"}],"wp:attachment":[{"href":"https:\/\/www.snepfsu-versailles.net\/wp\/wp-json\/wp\/v2\/media?parent=630"}],"curies":[{"name":"wp","href":"https:\/\/api.w.org\/{rel}","templated":true}]}}