{"id":232,"date":"2016-09-21T08:17:30","date_gmt":"2016-09-21T06:17:30","guid":{"rendered":"http:\/\/www.snepfsu-versailles.net\/wp\/?page_id=232"},"modified":"2022-10-31T10:43:51","modified_gmt":"2022-10-31T09:43:51","slug":"le-mouvement-tzr","status":"publish","type":"page","link":"https:\/\/www.snepfsu-versailles.net\/wp\/mutations\/le-mouvement-tzr\/","title":{"rendered":"Le mouvement TZR"},"content":{"rendered":"<div align=\"justify\">\n<p style=\"text-align: justify;\"><strong>1) Vous pouvez faire ou modifier vos pr\u00e9f\u00e9rences en t\u00e9l\u00e9chargeant la fiche de pr\u00e9f\u00e9rences d&rsquo;affectation en qualit\u00e9 de titulaire d&rsquo;une zone de remplacement <\/strong><\/p>\n<p style=\"text-align: justify;\">Sur ce document, il est \u00e9galement possible de pr\u00e9ciser si vous souhaitez \u00eatre en AFA (affectation \u00e0 l&rsquo;ann\u00e9e) ou en SUP (remplacement de courte et moyenne dur\u00e9e). Pour les nouveaux TZR, il vous est possible de d&rsquo;indiquer vos souhaits en ce qui concerne l&rsquo;\u00e9tablissement de rattachement. Nous vous conseillons de nous envoyer un double au SNEP Versailles, 24 rue jean JAURES, 78190 TRAPPES afin de suivre votre dossier (n&rsquo;oubliez pas de nous mettre vos coordonn\u00e9es : mails, t\u00e9l\u00e9phone).<\/p>\n<p style=\"text-align: justify;\"><strong>2) Pour les nouveaux TZR, vous pourrez prendre connaissance, sur i-prof de votre \u00e9tablissement de rattachement, d\u00e9but juillet. <\/strong>Vous pouvez pr\u00e9ciser sur votre feuille de pr\u00e9f\u00e9rence \u00e0 renvoyer avant le 19 juin au rectorat, vos souhaits en mati\u00e8re d&rsquo;\u00e9tablissement de rattachement.<\/p>\n<p style=\"text-align: justify;\"><strong>3) Affectation des TZR sur des moyens provisoires pour l&rsquo;ann\u00e9e scolaire <\/strong><\/p>\n<p style=\"text-align: justify;\">L&rsquo;affectation des TZR lors de la phase d&rsquo;ajustement sur des supports \u00e0 l&rsquo;ann\u00e9e se fera en fonction du bar\u00e8me (anciennet\u00e9 dans le poste et \u00e9chelon) et des pr\u00e9f\u00e9rences. Ceux qui n&rsquo;auront pas formul\u00e9 de pr\u00e9f\u00e9rences ne seront pas affect\u00e9s en juillet. Pour \u00eatre affect\u00e9 sur un regroupement de deux \u00e9tablissements de commune diff\u00e9rente, il faut avoir demand\u00e9 ces deux communes dans ses pr\u00e9f\u00e9rences.<\/p>\n<p style=\"text-align: justify;\">Vous trouverez dans l&rsquo;espace adh\u00e9rent du site du SNEP Versailles les BMP (blocs de moyens provisoires) des 4 d\u00e9partements de l&rsquo;acad\u00e9mie. Ce ne sont que les BMP donn\u00e9s par les IA en mars et que d&rsquo;autres se d\u00e9couvriront apr\u00e8s leur envoi de vos\u00a0 pr\u00e9f\u00e9rences.<\/p>\n<p style=\"text-align: justify;\">N&rsquo;h\u00e9sitez pas \u00e0 \u00e9largir vos\u00a0 v\u0153ux pour couvrir les BMP non connus (en utilisant les groupements ordonn\u00e9s de communes, voir le v\u0153u tout poste dans le d\u00e9partement pour \u00eatre \u00e9tudi\u00e9 sur les communes isol\u00e9es).<br \/>\nVous ne serez de toute fa\u00e7on affect\u00e9s \u00e0 l&rsquo;ann\u00e9e que sur les communes qui appartiennent \u00e0 votre zone et jamais sur les communes de l&rsquo;autre zone . La aussi pensez \u00e0 nous envoyer le double \u00e0 <a href=\"mailto:corpo-versailles@snepfsu.net\"><strong>corpo-versailles@snepfsu.net <\/strong><\/a> en oubliant pas de nous mettre vos coordonn\u00e9es mail et tel pour que nous puissions vous informer.<\/p>\n<p style=\"text-align: justify;\"><strong>4) Fin aout, il y aura un deuxi\u00e8me groupe de travail sur les affectations \u00e0 l&rsquo;ann\u00e9e. <\/strong><\/p>\n<p style=\"text-align: justify;\"><strong>5) Pour ceux qui n&rsquo;auront pas eu d&rsquo;affectation \u00e0 l&rsquo;ann\u00e9e\u00a0: pr\u00e9-rentr\u00e9e et rentr\u00e9e dans votre \u00e9tablissement de rattachement (RAD)<\/strong><\/p>\n<hr \/>\n<p><strong>Petit bilan et perspectives dans notre acad\u00e9mie (rentr\u00e9e 2016) : <a href=\"https:\/\/www.snepfsu-versailles.net\/wp\/wp-content\/uploads\/2016\/10\/tzr_rentree_2016.pdf\" target=\"_blank\" rel=\"noopener noreferrer\">Cliquez ici<\/a><\/strong><\/p>\n<hr \/>\n<p><strong>Stage TZR EPS (juin 2014) : un cahier de revendications : <a href=\"https:\/\/www.snepfsu-versailles.net\/wp\/wp-content\/uploads\/2017\/03\/stage_tzr_2014.pdf\" target=\"_blank\" rel=\"noopener noreferrer\">Cliquez ici<\/a><\/strong><\/p>\n<\/div>\n","protected":false},"excerpt":{"rendered":"<p>1) Vous pouvez faire ou modifier vos pr\u00e9f\u00e9rences en t\u00e9l\u00e9chargeant la fiche de pr\u00e9f\u00e9rences d&rsquo;affectation en qualit\u00e9 de titulaire d&rsquo;une<\/p>\n","protected":false},"author":1,"featured_media":0,"parent":134,"menu_order":0,"comment_status":"closed","ping_status":"closed","template":"","meta":{"colormag_page_layout":"no_sidebar_content_centered","footnotes":""},"class_list":["post-232","page","type-page","status-publish","hentry"],"_links":{"self":[{"href":"https:\/\/www.snepfsu-versailles.net\/wp\/wp-json\/wp\/v2\/pages\/232","targetHints":{"allow":["GET"]}}],"collection":[{"href":"https:\/\/www.snepfsu-versailles.net\/wp\/wp-json\/wp\/v2\/pages"}],"about":[{"href":"https:\/\/www.snepfsu-versailles.net\/wp\/wp-json\/wp\/v2\/types\/page"}],"author":[{"embeddable":true,"href":"https:\/\/www.snepfsu-versailles.net\/wp\/wp-json\/wp\/v2\/users\/1"}],"replies":[{"embeddable":true,"href":"https:\/\/www.snepfsu-versailles.net\/wp\/wp-json\/wp\/v2\/comments?post=232"}],"version-history":[{"count":3,"href":"https:\/\/www.snepfsu-versailles.net\/wp\/wp-json\/wp\/v2\/pages\/232\/revisions"}],"predecessor-version":[{"id":9862,"href":"https:\/\/www.snepfsu-versailles.net\/wp\/wp-json\/wp\/v2\/pages\/232\/revisions\/9862"}],"up":[{"embeddable":true,"href":"https:\/\/www.snepfsu-versailles.net\/wp\/wp-json\/wp\/v2\/pages\/134"}],"wp:attachment":[{"href":"https:\/\/www.snepfsu-versailles.net\/wp\/wp-json\/wp\/v2\/media?parent=232"}],"curies":[{"name":"wp","href":"https:\/\/api.w.org\/{rel}","templated":true}]}}