{"id":163,"date":"2016-09-20T15:23:56","date_gmt":"2016-09-20T13:23:56","guid":{"rendered":"http:\/\/www.snepfsu-versailles.net\/wp\/?page_id=163"},"modified":"2024-10-10T11:53:56","modified_gmt":"2024-10-10T09:53:56","slug":"du-mouvement-inter","status":"publish","type":"page","link":"https:\/\/www.snepfsu-versailles.net\/wp\/mutations\/infos-mouvement\/barres-dentree\/du-mouvement-inter\/","title":{"rendered":"Du mouvement Inter 2017 \u00e0 2024"},"content":{"rendered":"<p style=\"text-align: center;\"><strong>Tableau comparatif du nombre d&rsquo;entrants et des bar\u00e8mes d&rsquo;entr\u00e9e dans l&rsquo;acad\u00e9mie de Versailles<\/strong><\/p>\n<table class=\" alignleft\" style=\"height: 76px; font-family: Arial; text-align: center; width: 100%;\" border=\"0\" width=\"100%\" cellspacing=\"5\" cellpadding=\"5\" align=\"center\">\n<tbody>\n<tr style=\"height: 24px;\">\n<td style=\"height: 24px; background-color: #6aaee6; text-align: center; width: 40.0372%;\" colspan=\"10\" align=\"center\" bgcolor=\"#00ccff\"><strong><span class=\"Style26\">Nombre d&rsquo;entrants<\/span><\/strong><strong><span class=\"Style26\"><br \/>\n<\/span><\/strong><\/td>\n<\/tr>\n<tr style=\"height: 28.1333px;\">\n<td style=\"height: 28px; width: 4.46927%; text-align: center; background-color: #6aaee6;\" align=\"center\" bgcolor=\"#00ccff\">\n<div class=\"Style31\" align=\"center\">\n<div align=\"center\"><span class=\"Style20\">2010<\/span><\/div>\n<\/div>\n<\/td>\n<td style=\"height: 28px; width: 4.28305%; text-align: center; background-color: #6aaee6;\" align=\"center\" bgcolor=\"#00ccff\">\n<div align=\"center\"><span class=\"Style26\"><span class=\"Style46\">2011<\/span><\/span><\/div>\n<\/td>\n<td style=\"height: 28px; width: 4.46927%; text-align: center; background-color: #6aaee6;\" align=\"center\" bgcolor=\"#00ccff\">\n<div align=\"center\"><span class=\"Style26\"><span class=\"Style46\">2012<\/span><\/span><\/div>\n<\/td>\n<td style=\"height: 28px; width: 4.46927%; text-align: center; background-color: #6aaee6;\" align=\"center\" bgcolor=\"#00ccff\">\n<div align=\"center\"><span class=\"Style26\"><span class=\"Style46\">2013<\/span><\/span><\/div>\n<\/td>\n<td style=\"height: 28px; width: 4.46927%; text-align: center; background-color: #6aaee6;\" align=\"center\" bgcolor=\"#00ccff\"><span class=\"Style26\"><span class=\"Style46\">2014<\/span><\/span><\/td>\n<td style=\"height: 28px; width: 4.46927%; text-align: center; background-color: #6aaee6;\" align=\"center\" bgcolor=\"#00ccff\"><span class=\"Style26\"><span class=\"Style46\">2015<\/span><\/span><\/td>\n<td style=\"height: 28px; width: 4.46927%; text-align: center; background-color: #6aaee6;\" align=\"center\" bgcolor=\"#00ccff\"><span class=\"Style26\"><span class=\"Style46\">2016<\/span><\/span><\/td>\n<td style=\"width: 4.46927%; text-align: center; background-color: #6aaee6; height: 28px;\"><span class=\"Style26\"><span class=\"Style46\">2017<br \/>\n<\/span><\/span><\/td>\n<td style=\"height: 28px; width: 2.23463%; text-align: center; background-color: #6aaee6;\" align=\"center\" bgcolor=\"#00ccff\"><span class=\"Style26\"><span class=\"Style46\">2018<\/span><\/span><\/td>\n<td style=\"height: 28px; width: 2.23463%; text-align: center; background-color: #6aaee6;\" align=\"center\" bgcolor=\"#00ccff\"><span class=\"Style26\"><span class=\"Style46\">2019<\/span><\/span><\/td>\n<\/tr>\n<tr style=\"height: 24px;\">\n<td class=\"Style47\" style=\"height: 24px; width: 4.46927%; text-align: center; background-color: #6aaee6;\" align=\"center\" bgcolor=\"#00ccff\">\n<div align=\"center\">157<\/div>\n<\/td>\n<td class=\"Style19 Style20 Style30 Style44\" style=\"height: 24px; width: 4.28305%; text-align: center; background-color: #6aaee6;\" align=\"center\" bgcolor=\"#00ccff\">\n<div align=\"center\">208<\/div>\n<\/td>\n<td class=\"Style19 Style26 Style30 Style44\" style=\"height: 24px; width: 4.46927%; text-align: center; background-color: #6aaee6;\" align=\"center\" bgcolor=\"#00ccff\">\n<div class=\"Style20\" align=\"center\">257<\/div>\n<\/td>\n<td class=\"Style19 Style26 Style30 Style44\" style=\"height: 24px; width: 4.46927%; text-align: center; background-color: #6aaee6;\" align=\"center\" bgcolor=\"#00ccff\">\n<div class=\"Style20\" align=\"center\">205<\/div>\n<\/td>\n<td class=\"Style19 Style26 Style30 Style44\" style=\"height: 24px; width: 4.46927%; text-align: center; background-color: #6aaee6;\" align=\"center\" bgcolor=\"#00ccff\"><span class=\"Style20\">240<\/span><\/td>\n<td class=\"Style19 Style26 Style30 Style44\" style=\"height: 24px; width: 4.46927%; text-align: center; background-color: #6aaee6;\" align=\"center\" bgcolor=\"#00ccff\"><span class=\"Style20\">394<\/span><\/td>\n<td class=\"Style19 Style26 Style30 Style44\" style=\"height: 24px; width: 4.46927%; text-align: center; background-color: #6aaee6;\" align=\"center\" bgcolor=\"#00ccff\"><span class=\"Style20\">303<\/span><\/td>\n<td style=\"width: 4.46927%; text-align: center; background-color: #6aaee6; height: 24px;\"><span class=\"Style20\">281<br \/>\n<\/span><\/td>\n<td class=\"Style19 Style26 Style30 Style44\" style=\"height: 24px; width: 2.23463%; text-align: center; background-color: #6aaee6;\" align=\"center\" bgcolor=\"#00ccff\"><span class=\"Style20\">259<\/span><\/td>\n<td style=\"width: 2.23463%; text-align: center; background-color: #6aaee6;\"><span class=\"Style20\">254<br \/>\n<\/span><\/td>\n<\/tr>\n<\/tbody>\n<\/table>\n<h6><\/h6>\n<h6><\/h6>\n<p>&nbsp;<\/p>\n<p>&nbsp;<\/p>\n<table class=\" alignleft\" style=\"height: 72px; width: 100%; font-family: Arial; text-align: center;\" border=\"0\" cellspacing=\"5\" cellpadding=\"5\" align=\"center\">\n<tbody>\n<tr style=\"height: 24px;\">\n<td style=\"text-align: center; height: 24px;\" colspan=\"14\" align=\"center\" bgcolor=\"#00ccff\"><strong><span class=\"Style26\">Bar\u00e8me<\/span><\/strong><strong><span class=\"Style26\"><br \/>\n<\/span><\/strong><\/td>\n<\/tr>\n<tr style=\"height: 24px;\">\n<td style=\"height: 24px;\" align=\"center\" bgcolor=\"#00ccff\">\n<div align=\"center\"><span class=\"Style46\">2016<\/span><\/div>\n<\/td>\n<td class=\"Style1\" style=\"height: 24px;\" align=\"center\" bgcolor=\"#00ccff\"><span class=\"Style46\">2017<\/span><\/td>\n<td class=\"Style1\" style=\"height: 24px;\" align=\"center\" bgcolor=\"#00ccff\">\n<div align=\"center\"><span class=\"Style46\">2018<\/span><\/div>\n<\/td>\n<td class=\"Style1\" style=\"height: 24px;\" align=\"center\" bgcolor=\"#00ccff\">\n<div align=\"center\"><span class=\"Style26\"><span class=\"Style46\">2019<\/span><\/span><\/div>\n<\/td>\n<td class=\"Style1\" style=\"height: 24px;\" align=\"center\" bgcolor=\"#00ccff\">\n<div align=\"center\"><span class=\"Style26\"><span class=\"Style46\">2020<\/span><\/span><\/div>\n<\/td>\n<td class=\"Style1\" style=\"height: 24px;\" align=\"center\" bgcolor=\"#00ccff\">\n<div align=\"center\"><span class=\"Style26\"><span class=\"Style46\">2021<\/span><\/span><\/div>\n<\/td>\n<td class=\"Style1\" style=\"height: 24px;\" align=\"center\" bgcolor=\"#00ccff\"><span class=\"Style26\"><span class=\"Style46\">2022<\/span><\/span><\/td>\n<td class=\"Style1\" style=\"height: 24px;\" align=\"center\" bgcolor=\"#00ccff\"><span class=\"Style26\"><span class=\"Style46\">2023<\/span><\/span><\/td>\n<td class=\"Style1\" style=\"height: 24px;\" align=\"center\" bgcolor=\"#00ccff\"><span class=\"Style26\"><span class=\"Style46\">2024<\/span><\/span><\/td>\n<\/tr>\n<tr style=\"height: 24px;\">\n<td class=\"Style1\" style=\"height: 24px;\" align=\"center\" bgcolor=\"#00ccff\">\n<div class=\"Style27\" align=\"center\">\n<div align=\"center\">21<\/div>\n<\/div>\n<\/td>\n<td class=\"Style1\" style=\"height: 24px;\" align=\"center\" bgcolor=\"#00ccff\">\n<div class=\"Style17 Style27 Style44\" align=\"left\">\n<div class=\"Style20\" align=\"center\">\n<div align=\"center\">14<\/div>\n<\/div>\n<\/div>\n<\/td>\n<td class=\"Style1\" style=\"height: 24px;\" align=\"center\" bgcolor=\"#00ccff\">\n<div align=\"center\"><span class=\"Style46\">14<\/span><\/div>\n<\/td>\n<td class=\"Style1\" style=\"height: 24px;\" align=\"center\" bgcolor=\"#00ccff\">\n<div class=\"Style46\" align=\"center\">14<\/div>\n<\/td>\n<td class=\"Style1\" style=\"height: 24px;\" align=\"center\" bgcolor=\"#00ccff\">\n<div class=\"Style46\" align=\"center\">14<\/div>\n<\/td>\n<td class=\"Style1\" style=\"height: 24px;\" align=\"center\" bgcolor=\"#00ccff\">14<\/td>\n<td class=\"Style1\" style=\"height: 24px;\" align=\"center\" bgcolor=\"#00ccff\">14<\/td>\n<td class=\"Style1\" style=\"height: 24px;\" align=\"center\" bgcolor=\"#00ccff\">14<\/td>\n<td class=\"Style1\" style=\"height: 24px;\" align=\"center\" bgcolor=\"#00ccff\">&#8211;<\/td>\n<\/tr>\n<\/tbody>\n<\/table>\n<p>&nbsp;<\/p>\n","protected":false},"excerpt":{"rendered":"<p>Tableau comparatif du nombre d&rsquo;entrants et des bar\u00e8mes d&rsquo;entr\u00e9e dans l&rsquo;acad\u00e9mie de Versailles Nombre d&rsquo;entrants 2010 2011 2012 2013 2014<\/p>\n","protected":false},"author":1,"featured_media":0,"parent":161,"menu_order":0,"comment_status":"closed","ping_status":"closed","template":"","meta":{"colormag_page_layout":"no_sidebar_full_width","footnotes":""},"class_list":["post-163","page","type-page","status-publish","hentry"],"_links":{"self":[{"href":"https:\/\/www.snepfsu-versailles.net\/wp\/wp-json\/wp\/v2\/pages\/163","targetHints":{"allow":["GET"]}}],"collection":[{"href":"https:\/\/www.snepfsu-versailles.net\/wp\/wp-json\/wp\/v2\/pages"}],"about":[{"href":"https:\/\/www.snepfsu-versailles.net\/wp\/wp-json\/wp\/v2\/types\/page"}],"author":[{"embeddable":true,"href":"https:\/\/www.snepfsu-versailles.net\/wp\/wp-json\/wp\/v2\/users\/1"}],"replies":[{"embeddable":true,"href":"https:\/\/www.snepfsu-versailles.net\/wp\/wp-json\/wp\/v2\/comments?post=163"}],"version-history":[{"count":11,"href":"https:\/\/www.snepfsu-versailles.net\/wp\/wp-json\/wp\/v2\/pages\/163\/revisions"}],"predecessor-version":[{"id":11439,"href":"https:\/\/www.snepfsu-versailles.net\/wp\/wp-json\/wp\/v2\/pages\/163\/revisions\/11439"}],"up":[{"embeddable":true,"href":"https:\/\/www.snepfsu-versailles.net\/wp\/wp-json\/wp\/v2\/pages\/161"}],"wp:attachment":[{"href":"https:\/\/www.snepfsu-versailles.net\/wp\/wp-json\/wp\/v2\/media?parent=163"}],"curies":[{"name":"wp","href":"https:\/\/api.w.org\/{rel}","templated":true}]}}